{"id":1265,"date":"2023-02-09T12:21:01","date_gmt":"2023-02-09T11:21:01","guid":{"rendered":"https:\/\/software-powerfox.de\/?page_id=1265"},"modified":"2023-02-09T13:05:57","modified_gmt":"2023-02-09T12:05:57","slug":"kontakt","status":"publish","type":"page","link":"https:\/\/software-powerfox.de\/index.php\/kontakt\/","title":{"rendered":"Kontakt"},"content":{"rendered":"\t\t<div data-elementor-type=\"wp-page\" data-elementor-id=\"1265\" class=\"elementor elementor-1265\">\n\t\t\t\t\t\t\t\t\t<section class=\"has_eae_slider elementor-section elementor-top-section elementor-element elementor-element-b0bb3b9 elementor-section-boxed elementor-section-height-default elementor-section-height-default\" data-id=\"b0bb3b9\" data-element_type=\"section\" data-settings=\"{&quot;ekit_has_onepagescroll_dot&quot;:&quot;yes&quot;}\">\n\t\t\t\t\t\t<div class=\"elementor-container elementor-column-gap-default\">\n\t\t\t\t\t<div class=\"has_eae_slider elementor-column elementor-col-100 elementor-top-column elementor-element elementor-element-999cd03\" data-id=\"999cd03\" data-element_type=\"column\">\n\t\t\t<div class=\"elementor-widget-wrap elementor-element-populated\">\n\t\t\t\t\t\t\t\t<div class=\"elementor-element elementor-element-9caf632 elementor-widget elementor-widget-heading\" data-id=\"9caf632\" data-element_type=\"widget\" data-settings=\"{&quot;ekit_we_effect_on&quot;:&quot;none&quot;}\" data-widget_type=\"heading.default\">\n\t\t\t\t<div class=\"elementor-widget-container\">\n\t\t\t<style>\/*! elementor - v3.13.2 - 11-05-2023 *\/\n.elementor-heading-title{padding:0;margin:0;line-height:1}.elementor-widget-heading .elementor-heading-title[class*=elementor-size-]>a{color:inherit;font-size:inherit;line-height:inherit}.elementor-widget-heading .elementor-heading-title.elementor-size-small{font-size:15px}.elementor-widget-heading .elementor-heading-title.elementor-size-medium{font-size:19px}.elementor-widget-heading .elementor-heading-title.elementor-size-large{font-size:29px}.elementor-widget-heading .elementor-heading-title.elementor-size-xl{font-size:39px}.elementor-widget-heading .elementor-heading-title.elementor-size-xxl{font-size:59px}<\/style><h2 class=\"elementor-heading-title elementor-size-default\">Kontaktformular<\/h2>\t\t<\/div>\n\t\t\t\t<\/div>\n\t\t\t\t<div class=\"elementor-element elementor-element-fcf7ed7 elementor-widget elementor-widget-wpforms\" data-id=\"fcf7ed7\" data-element_type=\"widget\" data-settings=\"{&quot;ekit_we_effect_on&quot;:&quot;none&quot;}\" data-widget_type=\"wpforms.default\">\n\t\t\t\t<div class=\"elementor-widget-container\">\n\t\t\t<div class=\"wpforms-container wpforms-container-full\" id=\"wpforms-1280\"><form id=\"wpforms-form-1280\" class=\"wpforms-validate wpforms-form wpforms-ajax-form\" data-formid=\"1280\" method=\"post\" enctype=\"multipart\/form-data\" action=\"\/index.php\/wp-json\/wp\/v2\/pages\/1265\" data-token=\"d9640ea08601d884bbe23e08c1a1a8c6\" data-token-time=\"1777469359\"><noscript class=\"wpforms-error-noscript\">Bitte aktiviere JavaScript in deinem Browser, um dieses Formular fertigzustellen.<\/noscript><div class=\"wpforms-field-container\"><div id=\"wpforms-1280-field_0-container\" class=\"wpforms-field wpforms-field-name\" data-field-id=\"0\"><label class=\"wpforms-field-label\">Name <span class=\"wpforms-required-label\">*<\/span><\/label><div class=\"wpforms-field-row wpforms-field-medium\"><div class=\"wpforms-field-row-block wpforms-first wpforms-one-half\"><input type=\"text\" id=\"wpforms-1280-field_0\" class=\"wpforms-field-name-first wpforms-field-required\" name=\"wpforms[fields][0][first]\" required><label for=\"wpforms-1280-field_0\" class=\"wpforms-field-sublabel after\">Vorname<\/label><\/div><div class=\"wpforms-field-row-block wpforms-one-half\"><input type=\"text\" id=\"wpforms-1280-field_0-last\" class=\"wpforms-field-name-last wpforms-field-required\" name=\"wpforms[fields][0][last]\" required><label for=\"wpforms-1280-field_0-last\" class=\"wpforms-field-sublabel after\">Nachname<\/label><\/div><\/div><\/div><div id=\"wpforms-1280-field_1-container\" class=\"wpforms-field wpforms-field-email\" data-field-id=\"1\"><label class=\"wpforms-field-label\" for=\"wpforms-1280-field_1\">E-Mail <span class=\"wpforms-required-label\">*<\/span><\/label><input type=\"email\" id=\"wpforms-1280-field_1\" class=\"wpforms-field-medium wpforms-field-required\" name=\"wpforms[fields][1]\" spellcheck=\"false\" required><\/div><div id=\"wpforms-1280-field_2-container\" class=\"wpforms-field wpforms-field-textarea\" data-field-id=\"2\"><label class=\"wpforms-field-label\" for=\"wpforms-1280-field_2\">Kommentar oder Nachricht<\/label><textarea id=\"wpforms-1280-field_2\" class=\"wpforms-field-medium\" name=\"wpforms[fields][2]\" ><\/textarea><\/div>\t\t<div id=\"wpforms-1280-field_4-container\"\n\t\t\tclass=\"wpforms-field wpforms-field-text\"\n\t\t\tdata-field-type=\"text\"\n\t\t\tdata-field-id=\"4\"\n\t\t\t>\n\t\t\t<label class=\"wpforms-field-label\" for=\"wpforms-1280-field_4\" >verwenden* die gratis<\/label>\n\t\t\t<input type=\"text\" id=\"wpforms-1280-field_4\" class=\"wpforms-field-medium\" name=\"wpforms[fields][4]\" >\n\t\t<\/div>\n\t\t<div id=\"wpforms-1280-field_5-container\" class=\"wpforms-field wpforms-field-checkbox\" data-field-id=\"5\"><label class=\"wpforms-field-label\">Ich m\u00f6chte die &quot;2 Monate gratis testen&quot;-Aktion verwenden* <span class=\"wpforms-required-label\">*<\/span><\/label><ul id=\"wpforms-1280-field_5\" class=\"wpforms-field-required\"><li class=\"choice-1 depth-1\"><input type=\"checkbox\" id=\"wpforms-1280-field_5_1\" name=\"wpforms[fields][5][]\" value=\"Ja, ich m\u00f6chte an der Aktion teilnehmen und habe die Bedingungen zur Kennntnis genommen.\" required ><label class=\"wpforms-field-label-inline\" for=\"wpforms-1280-field_5_1\">Ja, ich m\u00f6chte an der Aktion teilnehmen und habe die Bedingungen zur Kennntnis genommen.<\/label><\/li><li class=\"choice-2 depth-1\"><input type=\"checkbox\" id=\"wpforms-1280-field_5_2\" name=\"wpforms[fields][5][]\" value=\"Nein\" required ><label class=\"wpforms-field-label-inline\" for=\"wpforms-1280-field_5_2\">Nein<\/label><\/li><\/ul><div class=\"wpforms-field-description\">*Bedingungen gelten. Maximal eine Desktopversion und eine Mobilversion k\u00f6nnen \u00fcber einen Zeitraum von 2 Monaten getestet werden. Das Angebot gilt nur f\u00fcr Neukunden. Im Anschluss an den Testzeitraum gelten die normalen Preise der Powerfox ERP-Software. Eine monatliche K\u00fcndigung ist jederzeit m\u00f6glich.<\/div><\/div><div id=\"wpforms-1280-field_3-container\" class=\"wpforms-field wpforms-field-gdpr-checkbox\" data-field-id=\"3\"><label class=\"wpforms-field-label\">DSGVO-Einverst\u00e4ndnis <span class=\"wpforms-required-label\">*<\/span><\/label><ul id=\"wpforms-1280-field_3\" class=\"wpforms-field-required\"><li class=\"choice-1\"><input type=\"checkbox\" id=\"wpforms-1280-field_3_1\" name=\"wpforms[fields][3][]\" value=\"Ich willige ein, dass diese Website meine \u00fcbermittelten Informationen speichert, sodass meine Anfrage beantwortet werden kann.\" required ><label class=\"wpforms-field-label-inline\" for=\"wpforms-1280-field_3_1\">Ich willige ein, dass diese Website meine \u00fcbermittelten Informationen speichert, sodass meine Anfrage beantwortet werden kann.<\/label><\/li><\/ul><\/div><script>\n\t\t\t\t( function() {\n\t\t\t\t\tconst style = document.createElement( 'style' );\n\t\t\t\t\tstyle.appendChild( document.createTextNode( '#wpforms-1280-field_4-container { position: absolute !important; overflow: hidden !important; display: inline !important; height: 1px !important; width: 1px !important; z-index: -1000 !important; padding: 0 !important; } #wpforms-1280-field_4-container input { visibility: hidden; } #wpforms-conversational-form-page #wpforms-1280-field_4-container label { counter-increment: none; }' ) );\n\t\t\t\t\tdocument.head.appendChild( style );\n\t\t\t\t\tdocument.currentScript?.remove();\n\t\t\t\t} )();\n\t\t\t<\/script><\/div><!-- .wpforms-field-container --><div class=\"wpforms-submit-container\" ><input type=\"hidden\" name=\"wpforms[id]\" value=\"1280\"><input type=\"hidden\" name=\"page_title\" value=\"\"><input type=\"hidden\" name=\"page_url\" value=\"https:\/\/software-powerfox.de\/index.php\/wp-json\/wp\/v2\/pages\/1265\"><input type=\"hidden\" name=\"url_referer\" value=\"\"><button type=\"submit\" name=\"wpforms[submit]\" id=\"wpforms-submit-1280\" class=\"wpforms-submit\" data-alt-text=\"Senden\u2026\" data-submit-text=\"Absenden\" aria-live=\"assertive\" value=\"wpforms-submit\">Absenden<\/button><img loading=\"lazy\" decoding=\"async\" src=\"https:\/\/software-powerfox.de\/wp-content\/plugins\/wpforms-lite\/assets\/images\/submit-spin.svg\" class=\"wpforms-submit-spinner\" style=\"display: none;\" width=\"26\" height=\"26\" alt=\"Wird geladen\"><\/div><\/form><\/div>  <!-- .wpforms-container -->\t\t<\/div>\n\t\t\t\t<\/div>\n\t\t\t\t\t<\/div>\n\t\t<\/div>\n\t\t\t\t\t\t\t<\/div>\n\t\t<\/section>\n\t\t\t\t\t\t\t<\/div>\n\t\t","protected":false},"excerpt":{"rendered":"<p>Kontaktformular<\/p>\n","protected":false},"author":2,"featured_media":0,"parent":0,"menu_order":0,"comment_status":"closed","ping_status":"closed","template":"","meta":{"footnotes":""},"class_list":["post-1265","page","type-page","status-publish","hentry"],"yoast_head":"<!-- This site is optimized with the Yoast SEO plugin v20.7 - https:\/\/yoast.com\/wordpress\/plugins\/seo\/ -->\n<title>Kontakt - Software-Powerfox<\/title>\n<meta name=\"robots\" content=\"index, follow, max-snippet:-1, max-image-preview:large, max-video-preview:-1\" \/>\n<link rel=\"canonical\" href=\"https:\/\/software-powerfox.de\/index.php\/kontakt\/\" \/>\n<meta property=\"og:locale\" content=\"de_DE\" \/>\n<meta property=\"og:type\" content=\"article\" \/>\n<meta property=\"og:title\" content=\"Kontakt - Software-Powerfox\" \/>\n<meta property=\"og:description\" content=\"Kontaktformular\" \/>\n<meta property=\"og:url\" content=\"https:\/\/software-powerfox.de\/index.php\/kontakt\/\" \/>\n<meta property=\"og:site_name\" content=\"Software-Powerfox\" \/>\n<meta property=\"article:publisher\" content=\"https:\/\/www.facebook.com\/PowerfoxIT\" \/>\n<meta property=\"article:modified_time\" content=\"2023-02-09T12:05:57+00:00\" \/>\n<meta name=\"twitter:card\" content=\"summary_large_image\" \/>\n<script type=\"application\/ld+json\" class=\"yoast-schema-graph\">{\"@context\":\"https:\/\/schema.org\",\"@graph\":[{\"@type\":\"WebPage\",\"@id\":\"https:\/\/software-powerfox.de\/index.php\/kontakt\/\",\"url\":\"https:\/\/software-powerfox.de\/index.php\/kontakt\/\",\"name\":\"Kontakt - Software-Powerfox\",\"isPartOf\":{\"@id\":\"https:\/\/software-powerfox.de\/#website\"},\"datePublished\":\"2023-02-09T11:21:01+00:00\",\"dateModified\":\"2023-02-09T12:05:57+00:00\",\"breadcrumb\":{\"@id\":\"https:\/\/software-powerfox.de\/index.php\/kontakt\/#breadcrumb\"},\"inLanguage\":\"de\",\"potentialAction\":[{\"@type\":\"ReadAction\",\"target\":[\"https:\/\/software-powerfox.de\/index.php\/kontakt\/\"]}]},{\"@type\":\"BreadcrumbList\",\"@id\":\"https:\/\/software-powerfox.de\/index.php\/kontakt\/#breadcrumb\",\"itemListElement\":[{\"@type\":\"ListItem\",\"position\":1,\"name\":\"Startseite\",\"item\":\"https:\/\/software-powerfox.de\/\"},{\"@type\":\"ListItem\",\"position\":2,\"name\":\"Kontakt\"}]},{\"@type\":\"WebSite\",\"@id\":\"https:\/\/software-powerfox.de\/#website\",\"url\":\"https:\/\/software-powerfox.de\/\",\"name\":\"Software-Powerfox\",\"description\":\"Alle Features, die du ben\u00f6tigst, So einfach wie m\u00f6glich.\",\"publisher\":{\"@id\":\"https:\/\/software-powerfox.de\/#organization\"},\"potentialAction\":[{\"@type\":\"SearchAction\",\"target\":{\"@type\":\"EntryPoint\",\"urlTemplate\":\"https:\/\/software-powerfox.de\/?s={search_term_string}\"},\"query-input\":\"required name=search_term_string\"}],\"inLanguage\":\"de\"},{\"@type\":\"Organization\",\"@id\":\"https:\/\/software-powerfox.de\/#organization\",\"name\":\"Powerfox GmbH\",\"url\":\"https:\/\/software-powerfox.de\/\",\"logo\":{\"@type\":\"ImageObject\",\"inLanguage\":\"de\",\"@id\":\"https:\/\/software-powerfox.de\/#\/schema\/logo\/image\/\",\"url\":\"https:\/\/software-powerfox.de\/wp-content\/uploads\/2023\/02\/cropped-Bild_2023-02-08_122922525.png\",\"contentUrl\":\"https:\/\/software-powerfox.de\/wp-content\/uploads\/2023\/02\/cropped-Bild_2023-02-08_122922525.png\",\"width\":119,\"height\":107,\"caption\":\"Powerfox GmbH\"},\"image\":{\"@id\":\"https:\/\/software-powerfox.de\/#\/schema\/logo\/image\/\"},\"sameAs\":[\"https:\/\/www.facebook.com\/PowerfoxIT\",\"https:\/\/www.instagram.com\/powerfox.it\/\"]}]}<\/script>\n<!-- \/ Yoast SEO plugin. -->","yoast_head_json":{"title":"Kontakt - Software-Powerfox","robots":{"index":"index","follow":"follow","max-snippet":"max-snippet:-1","max-image-preview":"max-image-preview:large","max-video-preview":"max-video-preview:-1"},"canonical":"https:\/\/software-powerfox.de\/index.php\/kontakt\/","og_locale":"de_DE","og_type":"article","og_title":"Kontakt - Software-Powerfox","og_description":"Kontaktformular","og_url":"https:\/\/software-powerfox.de\/index.php\/kontakt\/","og_site_name":"Software-Powerfox","article_publisher":"https:\/\/www.facebook.com\/PowerfoxIT","article_modified_time":"2023-02-09T12:05:57+00:00","twitter_card":"summary_large_image","schema":{"@context":"https:\/\/schema.org","@graph":[{"@type":"WebPage","@id":"https:\/\/software-powerfox.de\/index.php\/kontakt\/","url":"https:\/\/software-powerfox.de\/index.php\/kontakt\/","name":"Kontakt - Software-Powerfox","isPartOf":{"@id":"https:\/\/software-powerfox.de\/#website"},"datePublished":"2023-02-09T11:21:01+00:00","dateModified":"2023-02-09T12:05:57+00:00","breadcrumb":{"@id":"https:\/\/software-powerfox.de\/index.php\/kontakt\/#breadcrumb"},"inLanguage":"de","potentialAction":[{"@type":"ReadAction","target":["https:\/\/software-powerfox.de\/index.php\/kontakt\/"]}]},{"@type":"BreadcrumbList","@id":"https:\/\/software-powerfox.de\/index.php\/kontakt\/#breadcrumb","itemListElement":[{"@type":"ListItem","position":1,"name":"Startseite","item":"https:\/\/software-powerfox.de\/"},{"@type":"ListItem","position":2,"name":"Kontakt"}]},{"@type":"WebSite","@id":"https:\/\/software-powerfox.de\/#website","url":"https:\/\/software-powerfox.de\/","name":"Software-Powerfox","description":"Alle Features, die du ben\u00f6tigst, So einfach wie m\u00f6glich.","publisher":{"@id":"https:\/\/software-powerfox.de\/#organization"},"potentialAction":[{"@type":"SearchAction","target":{"@type":"EntryPoint","urlTemplate":"https:\/\/software-powerfox.de\/?s={search_term_string}"},"query-input":"required name=search_term_string"}],"inLanguage":"de"},{"@type":"Organization","@id":"https:\/\/software-powerfox.de\/#organization","name":"Powerfox GmbH","url":"https:\/\/software-powerfox.de\/","logo":{"@type":"ImageObject","inLanguage":"de","@id":"https:\/\/software-powerfox.de\/#\/schema\/logo\/image\/","url":"https:\/\/software-powerfox.de\/wp-content\/uploads\/2023\/02\/cropped-Bild_2023-02-08_122922525.png","contentUrl":"https:\/\/software-powerfox.de\/wp-content\/uploads\/2023\/02\/cropped-Bild_2023-02-08_122922525.png","width":119,"height":107,"caption":"Powerfox GmbH"},"image":{"@id":"https:\/\/software-powerfox.de\/#\/schema\/logo\/image\/"},"sameAs":["https:\/\/www.facebook.com\/PowerfoxIT","https:\/\/www.instagram.com\/powerfox.it\/"]}]}},"_links":{"self":[{"href":"https:\/\/software-powerfox.de\/index.php\/wp-json\/wp\/v2\/pages\/1265","targetHints":{"allow":["GET"]}}],"collection":[{"href":"https:\/\/software-powerfox.de\/index.php\/wp-json\/wp\/v2\/pages"}],"about":[{"href":"https:\/\/software-powerfox.de\/index.php\/wp-json\/wp\/v2\/types\/page"}],"author":[{"embeddable":true,"href":"https:\/\/software-powerfox.de\/index.php\/wp-json\/wp\/v2\/users\/2"}],"replies":[{"embeddable":true,"href":"https:\/\/software-powerfox.de\/index.php\/wp-json\/wp\/v2\/comments?post=1265"}],"version-history":[{"count":7,"href":"https:\/\/software-powerfox.de\/index.php\/wp-json\/wp\/v2\/pages\/1265\/revisions"}],"predecessor-version":[{"id":1313,"href":"https:\/\/software-powerfox.de\/index.php\/wp-json\/wp\/v2\/pages\/1265\/revisions\/1313"}],"wp:attachment":[{"href":"https:\/\/software-powerfox.de\/index.php\/wp-json\/wp\/v2\/media?parent=1265"}],"curies":[{"name":"wp","href":"https:\/\/api.w.org\/{rel}","templated":true}]}}